{"id":224,"date":"2020-02-28T19:12:27","date_gmt":"2020-02-28T19:12:27","guid":{"rendered":"http:\/\/wordpress.samereier.de\/?page_id=224"},"modified":"2020-02-28T19:13:45","modified_gmt":"2020-02-28T19:13:45","slug":"datenschutz","status":"publish","type":"page","link":"https:\/\/samereier.de\/en\/datenschutz\/","title":{"rendered":"Datenschutz"},"content":{"rendered":"<div id=\"fws_69e48a7680234\"  data-column-margin=\"default\" data-midnight=\"dark\"  class=\"wpb_row vc_row-fluid vc_row\"  style=\"padding-top: 0px; padding-bottom: 0px; \"><div class=\"row-bg-wrap\" data-bg-animation=\"none\" data-bg-animation-delay=\"\" data-bg-overlay=\"false\"><div class=\"inner-wrap row-bg-layer\" ><div class=\"row-bg viewport-desktop\"  style=\"\"><\/div><\/div><\/div><div class=\"row_col_wrap_12 col span_12 dark left\">\n\t<div  class=\"vc_col-sm-12 wpb_column column_container vc_column_container col no-extra-padding\"  data-padding-pos=\"all\" data-has-bg-color=\"false\" data-bg-color=\"\" data-bg-opacity=\"1\" data-animation=\"\" data-delay=\"0\" >\n\t\t<div class=\"vc_column-inner\" >\n\t\t\t<div class=\"wpb_wrapper\">\n\t\t\t\t<div class=\"divider-wrap\" data-alignment=\"default\"><div style=\"height: 45px;\" class=\"divider\"><\/div><\/div>\n\t\t\t<\/div> \n\t\t<\/div>\n\t<\/div> \n<\/div><\/div>\n\t\t<div id=\"fws_69e48a76814bf\"  data-column-margin=\"default\" data-midnight=\"dark\"  class=\"wpb_row vc_row-fluid vc_row full-width-section vc_row-o-equal-height vc_row-flex\"  style=\"padding-top: 0px; padding-bottom: 120px; \"><div class=\"row-bg-wrap\" data-bg-animation=\"none\" data-bg-animation-delay=\"\" data-bg-overlay=\"false\"><div class=\"inner-wrap row-bg-layer\" ><div class=\"row-bg viewport-desktop using-bg-color\"  style=\"background-color: #ffffff; \"><\/div><\/div><\/div><div class=\"row_col_wrap_12 col span_12 dark left\">\n\t<div  class=\"vc_col-sm-12 wpb_column column_container vc_column_container col no-extra-padding\"  data-padding-pos=\"all\" data-has-bg-color=\"false\" data-bg-color=\"\" data-bg-opacity=\"1\" data-animation=\"\" data-delay=\"0\" >\n\t\t<div class=\"vc_column-inner\" >\n\t\t\t<div class=\"wpb_wrapper\">\n\t\t\t\t<h2 style=\"font-size: 50px;color: #86957d;line-height: 50px;text-align: left\" class=\"vc_custom_heading\" >DATENSCHUTZERKL\u00c4RUNG<\/h2><div class=\"divider-wrap\" data-alignment=\"default\"><div style=\"height: 50px;\" class=\"divider\"><\/div><\/div>\n<div class=\"wpb_text_column wpb_content_element\" >\n\t<div class=\"wpb_wrapper\">\n\t\t<h4 id=\"u20271-5\" class=\"shared_content\" data-content-guid=\"u20271-5_content\"><span id=\"u20271-4\" class=\"Datenschutz-Sub\">1. Datenschutz auf einen Blick<\/span><\/h4>\n<p id=\"u20271-8\" class=\"shared_content\" data-content-guid=\"u20271-8_content\"><strong>Allgemeine Hinweise<br \/>\n<\/strong>Die folgenden Hinweise geben einen einfachen \u00dcberblick dar\u00fcber, was mit Ihren personenbezogenen Daten passiert, wenn Sie unsere Website besuchen. Personenbezogene Daten sind alle Daten, mit denen Sie pers\u00f6nlich identifiziert werden k\u00f6nnen. Ausf\u00fchrliche Informationen zum Thema Datenschutz entnehmen Sie unserer unter diesem Text aufgef\u00fchrten Datenschutzerkl\u00e4rung.<\/p>\n<p id=\"u20271-13\" class=\"shared_content\" data-content-guid=\"u20271-13_content\"><strong>Datenerfassung auf unserer Website<br \/>\n<\/strong>Wer ist verantwortlich f\u00fcr die Datenerfassung auf dieser Website?<\/p>\n<p id=\"u20271-18\" class=\"shared_content\" data-content-guid=\"u20271-18_content\">Die Datenverarbeitung auf dieser Website erfolgt durch den Websitebetreiber. Dessen Kontaktdaten k\u00f6nnen Sie dem Impressum dieser Website entnehmen.<\/p>\n<p id=\"u20271-21\" class=\"shared_content\" data-content-guid=\"u20271-21_content\"><strong>Wie erfassen wir Ihre Daten?<br \/>\n<\/strong>Ihre Daten werden zum einen dadurch erhoben, dass Sie uns diese mitteilen. Hierbei kann es sich z.B. um Daten handeln, die Sie in ein Kontaktformular eingeben.<\/p>\n<p id=\"u20271-25\" class=\"shared_content\" data-content-guid=\"u20271-25_content\">Andere Daten werden automatisch beim Besuch der Website durch unsere IT-Systeme erfasst. Das sind vor allem technische Daten (z.B. Internetbrowser, Betriebssystem oder Uhrzeit des Seitenaufrufs). Die Erfassung dieser Daten erfolgt automatisch, sobald Sie unsere Website betreten.<\/p>\n<p id=\"u20271-28\" class=\"shared_content\" data-content-guid=\"u20271-28_content\"><strong>Wof\u00fcr nutzen wir Ihre Daten?<br \/>\n<\/strong>Ein Teil der Daten wird erhoben, um eine fehlerfreie Bereitstellung der Website zu gew\u00e4hrleisten. Andere Daten k\u00f6nnen zur Analyse Ihres Nutzerverhaltens verwendet werden.<\/p>\n<p id=\"u20271-33\" class=\"shared_content\" data-content-guid=\"u20271-33_content\"><strong>Welche Rechte haben Sie bez\u00fcglich Ihrer Daten?<br \/>\n<\/strong>Sie haben jederzeit das Recht unentgeltlich Auskunft \u00fcber Herkunft, Empf\u00e4nger und Zweck Ihrer gespeicherten personenbezogenen Daten zu erhalten. Sie haben au\u00dferdem ein Recht, die Berichtigung, Sperrung oder L\u00f6schung dieser Daten zu verlangen. Hierzu sowie zu weiteren Fragen zum Thema Datenschutz k\u00f6nnen Sie sich jederzeit unter der im Impressum angegebenen Adresse an uns wenden. Des Weiteren steht Ihnen ein Beschwerderecht bei der zust\u00e4ndigen Aufsichtsbeh\u00f6rde zu.<\/p>\n<h4 id=\"u20271-38\" class=\"shared_content\" data-content-guid=\"u20271-38_content\"><span id=\"u20271-37\" class=\"Datenschutz-Sub\">2. Allgemeine Hinweise und Pflichtinformationen<\/span><\/h4>\n<p id=\"u20271-41\" class=\"shared_content\" data-content-guid=\"u20271-41_content\"><strong>Datenschutz<br \/>\n<\/strong>Die Betreiber dieser Seiten nehmen den Schutz Ihrer pers\u00f6nlichen Daten sehr ernst. Wir behandeln Ihre personenbezogenen Daten vertraulich und entsprechend der gesetzlichen Datenschutzvorschriften sowie dieser Datenschutzerkl\u00e4rung.<\/p>\n<p id=\"u20271-46\" class=\"shared_content\" data-content-guid=\"u20271-46_content\">Wenn Sie diese Website benutzen, werden verschiedene personenbezogene Daten erhoben. Personenbezogene Daten sind Daten, mit denen Sie pers\u00f6nlich identifiziert werden k\u00f6nnen. Die vorliegende Datenschutzerkl\u00e4rung erl\u00e4utert, welche Daten wir erheben und wof\u00fcr wir sie nutzen. Sie erl\u00e4utert auch, wie und zu welchem Zweck das geschieht.<\/p>\n<p id=\"u20271-49\" class=\"shared_content\" data-content-guid=\"u20271-49_content\">Wir weisen darauf hin, dass die Daten\u00fcbertragung im Internet (z.B. bei der Kommunikation per E-Mail) Sicherheitsl\u00fccken aufweisen kann. Ein l\u00fcckenloser Schutz der Daten vor dem Zugriff durch Dritte ist nicht m\u00f6glich.<\/p>\n<p id=\"u20271-51\" class=\"shared_content\" data-content-guid=\"u20271-51_content\"><strong>Hinweis zur verantwortlichen Stelle<br \/>\n<\/strong>Die verantwortliche Stelle f\u00fcr die Datenverarbeitung auf dieser Website ist:<\/p>\n<p id=\"u20271-61\" class=\"shared_content\" data-content-guid=\"u20271-61_content\">Samereier Munitionstechnik<br \/>\nLuderbach 35<br \/>\n94137 Bayerbach<\/p>\n<p id=\"u20271-65\" class=\"shared_content\" data-content-guid=\"u20271-65_content\">Telefon: +49 (0) 8563 &#8211; 2370<br \/>\nE-Mail: info@samereier.de<\/p>\n<p id=\"u20271-68\" class=\"shared_content\" data-content-guid=\"u20271-68_content\">Verantwortliche Stelle ist die nat\u00fcrliche oder juristische Person, die allein oder gemeinsam mit anderen \u00fcber die Zwecke und Mittel der Verarbeitung von personenbezogenen Daten (z.B. Namen, E-Mail-Adressen o. \u00c4.) entscheidet.<\/p>\n<p id=\"u20271-71\" class=\"shared_content\" data-content-guid=\"u20271-71_content\"><strong>Widerruf Ihrer Einwilligung zur Datenverarbeitung<\/strong><\/p>\n<p id=\"u20271-73\" class=\"shared_content\" data-content-guid=\"u20271-73_content\">Viele Datenverarbeitungsvorg\u00e4nge sind nur mit Ihrer ausdr\u00fccklichen Einwilligung m\u00f6glich. Sie k\u00f6nnen eine bereits erteilte Einwilligung jederzeit widerrufen. Dazu reicht eine formlose Mitteilung per E-Mail an uns. Die Rechtm\u00e4\u00dfigkeit der bis zum Widerruf erfolgten Datenverarbeitung bleibt vom Widerruf unber\u00fchrt.<\/p>\n<p id=\"u20271-76\"><strong><span id=\"u20271-75\" class=\"Datenschutz-Sub shared_content\" data-content-guid=\"u20271-75_content\">Beschwerderecht bei einer Aufsichtsbeh\u00f6rde<br \/>\n<\/span><\/strong>Im Falle datenschutzrechtlicher Verst\u00f6\u00dfe steht Ihnen, als Betroffener, ein Beschwerderecht bei einer Aufsichtsbeh\u00f6rde zu.\u00a0Sie k\u00f6nnen dies z. B. bei der f\u00fcr uns zust\u00e4ndigen Aufsichtsbeh\u00f6rde tun:<\/p>\n<p id=\"u20271-88\" class=\"shared_content\" data-content-guid=\"u20271-88_content\">Bayerisches Landesamt f\u00fcr Datenschutzaufsicht<br \/>\nPromenade 27 (Schloss)<br \/>\n91522 Ansbach<\/p>\n<p id=\"u20271-94\" class=\"shared_content\" data-content-guid=\"u20271-94_content\">Internetseite mit weiteren Kontaktdaten: <a class=\"nonblock\" href=\"https:\/\/www.lda.bayern.de\/\">https:\/\/www.lda.bayern.de<\/a>.<\/p>\n<p id=\"u20271-97\" class=\"shared_content\" data-content-guid=\"u20271-97_content\"><strong>Auskunft, Sperrung, L\u00f6schung<br \/>\n<\/strong>Sie haben im Rahmen der geltenden gesetzlichen Bestimmungen jederzeit das Recht auf unentgeltliche Auskunft \u00fcber Ihre gespeicherten personenbezogenen Daten, deren Herkunft und Empf\u00e4nger und den Zweck der Datenverarbeitung und ggf. ein Recht auf Berichtigung, Sperrung oder L\u00f6schung dieser Daten. Hierzu sowie zu weiteren Fragen zum Thema personenbezogene Daten k\u00f6nnen Sie sich jederzeit unter der im Impressum angegebenen Adresse an uns wenden.<\/p>\n<p id=\"u20271-102\" class=\"shared_content\" data-content-guid=\"u20271-102_content\"><strong>Widerspruch gegen Werbe-Mails<br \/>\n<\/strong>Der Nutzung von im Rahmen der Impressumspflicht ver\u00f6ffentlichten Kontaktdaten zur \u00dcbersendung von nicht ausdr\u00fccklich angeforderter Werbung und Informationsmaterialien wird hiermit widersprochen. Die Betreiber der Seiten behalten sich ausdr\u00fccklich rechtliche Schritte im Falle der unverlangten Zusendung von Werbeinformationen, etwa durch Spam-E-Mails, vor.<\/p>\n<h4 id=\"u20271-107\" class=\"shared_content\" data-content-guid=\"u20271-107_content\"><span id=\"u20271-106\" class=\"Datenschutz-Sub\">3. Datenerfassung auf unserer Website<\/span><\/h4>\n<p class=\"shared_content\" data-content-guid=\"u20271-107_content\"><strong>Cookies<br \/>\n<\/strong>Die Internetseiten verwenden teilweise so genannte Cookies. Cookies richten auf Ihrem Rechner keinen Schaden an und enthalten keine Viren. Cookies dienen dazu, unser Angebot nutzerfreundlicher, effektiver und sicherer zu machen. Cookies sind kleine Textdateien, die auf Ihrem Rechner abgelegt werden und die Ihr Browser speichert.<\/p>\n<p id=\"u20271-115\" class=\"shared_content\" data-content-guid=\"u20271-115_content\">Die meisten der von uns verwendeten Cookies sind so genannte \u201cSession-Cookies\u201d. Sie werden nach Ende Ihres Besuchs automatisch gel\u00f6scht. Andere Cookies bleiben auf Ihrem Endger\u00e4t gespeichert bis Sie diese l\u00f6schen. Diese Cookies erm\u00f6glichen es uns, Ihren Browser beim n\u00e4chsten Besuch wiederzuerkennen.<\/p>\n<p id=\"u20271-118\" class=\"shared_content\" data-content-guid=\"u20271-118_content\">Sie k\u00f6nnen Ihren Browser so einstellen, dass Sie \u00fcber das Setzen von Cookies informiert werden und Cookies nur im Einzelfall erlauben, die Annahme von Cookies f\u00fcr bestimmte F\u00e4lle oder generell ausschlie\u00dfen sowie das automatische L\u00f6schen der Cookies beim Schlie\u00dfen des Browser aktivieren. Bei der Deaktivierung von Cookies kann die Funktionalit\u00e4t dieser Website eingeschr\u00e4nkt sein.<\/p>\n<p id=\"u20271-120\" class=\"shared_content\" data-content-guid=\"u20271-120_content\">Cookies, die zur Durchf\u00fchrung des elektronischen Kommunikationsvorgangs oder zur Bereitstellung bestimmter, von Ihnen erw\u00fcnschter Funktionen (z.B. Warenkorbfunktion) erforderlich sind, werden auf Grundlage von Art. 6 Abs. 1 lit. f DSGVO gespeichert. Der Websitebetreiber hat ein berechtigtes Interesse an der Speicherung von Cookies zur technisch fehlerfreien und optimierten Bereitstellung seiner Dienste. Soweit andere Cookies (z.B. Cookies zur Analyse Ihres Surfverhaltens) gespeichert werden, werden diese in dieser Datenschutzerkl\u00e4rung gesondert behandelt.<\/p>\n<p id=\"u20271-123\" class=\"shared_content\" data-content-guid=\"u20271-123_content\"><strong>Server-Log-Dateien<br \/>\n<\/strong>Der Provider der Seiten erhebt und speichert automatisch Informationen in so genannten Server-Log-Dateien, die Ihr Browser automatisch an uns \u00fcbermittelt. Dies sind:<\/p>\n<p id=\"u20271-128\" class=\"shared_content\" data-content-guid=\"u20271-128_content\">\u2022 Browsertyp und Browserversion<br \/>\n\u2022 verwendetes Betriebssystem<br \/>\n\u2022 Referrer URL<br \/>\n\u2022 Hostname des zugreifenden Rechners<br \/>\n\u2022 Uhrzeit der Serveranfrage<br \/>\n\u2022 IP-Adresse<\/p>\n<p id=\"u20271-141\" class=\"shared_content\" data-content-guid=\"u20271-141_content\">Eine Zusammenf\u00fchrung dieser Daten mit anderen Datenquellen wird nicht vorgenommen. Die Daten werden ferner auch verwendet, um Fehler der Internetseite zu beheben.<\/p>\n<p id=\"u20271-144\" class=\"shared_content\" data-content-guid=\"u20271-144_content\">Nach 7 Tagen wird die IP-Adresse von allen Systemen, die im Zusammenhang mit dem Betrieb dieser Internetseite in Verbindung stehen, gel\u00f6scht. Ein Personenbezug ist danach nicht mehr herstellbar.<\/p>\n<p id=\"u20271-147\" class=\"shared_content\" data-content-guid=\"u20271-147_content\">Grundlage f\u00fcr die Datenverarbeitung ist Art. 6 Abs. 1 lit. f DSGVO. Unser \u201eInteresse\u201c im Sinne des Art. 6 Abs. 1 lit. f DSGVO ist der Betrieb der Internetseite sowie die Vertraulichkeit und Integrit\u00e4t unserer Systeme gew\u00e4hrleisten zu k\u00f6nnen.<\/p>\n<h4 id=\"u20271-150\" class=\"shared_content\" data-content-guid=\"u20271-150_content\"><strong><span id=\"u20271-149\" class=\"Datenschutz-Sub\">4. Plugins und Tools<\/span><\/strong><\/h4>\n<p id=\"u20271-153\" class=\"shared_content\" data-content-guid=\"u20271-153_content\"><strong>Web Fonts von Google<\/strong><\/p>\n<p id=\"u20271-155\" class=\"shared_content\" data-content-guid=\"u20271-155_content\">Diese Seite nutzt zur einheitlichen Darstellung von Schriftarten so genannte Web Fonts, die von Google bereitgestellt werden. Beim Aufruf einer Seite l\u00e4dt Ihr Browser die ben\u00f6tigten Web Fonts in ihren Browsercache, um Texte und Schriftarten korrekt anzuzeigen.<\/p>\n<p id=\"u20271-157\" class=\"shared_content\" data-content-guid=\"u20271-157_content\">Zu diesem Zweck muss der von Ihnen verwendete Browser Verbindung zu den Servern von Google aufnehmen. Hierdurch erlangt Google Kenntnis dar\u00fcber, dass \u00fcber Ihre IP-Adresse unsere Website aufgerufen wurde. Die Nutzung von Google Web Fonts erfolgt im Interesse einer einheitlichen und ansprechenden Darstellung unserer Online-Angebote. Dies stellt ein berechtigtes Interesse im Sinne von Art. 6 Abs. 1 lit. f DSGVO dar.<\/p>\n<p id=\"u20271-160\" class=\"shared_content\" data-content-guid=\"u20271-160_content\">Wenn Ihr Browser Web Fonts nicht unterst\u00fctzt, wird eine Standardschrift von Ihrem Computer genutzt.<\/p>\n\t<\/div>\n<\/div>\n\n\n\n\n\t\t\t<\/div> \n\t\t<\/div>\n\t<\/div> \n<\/div><\/div>","protected":false},"excerpt":{"rendered":"DATENSCHUTZERKL\u00c4RUNG 1. Datenschutz auf einen Blick Allgemeine Hinweise Die folgenden Hinweise geben einen einfachen \u00dcberblick dar\u00fcber, was mit Ihren personenbezogenen Daten passiert, wenn Sie unsere Website besuchen. Personenbezogene Daten sind...","protected":false},"author":1,"featured_media":0,"parent":0,"menu_order":0,"comment_status":"closed","ping_status":"closed","template":"","meta":[],"yoast_head":"<!-- This site is optimized with the Yoast SEO plugin v19.8 - https:\/\/yoast.com\/wordpress\/plugins\/seo\/ -->\n<title>Datenschutz - Munitionstechnik &amp; Wiederladebedarf Samereier.de<\/title>\n<meta name=\"robots\" content=\"index, follow, max-snippet:-1, max-image-preview:large, max-video-preview:-1\" \/>\n<link rel=\"canonical\" href=\"https:\/\/samereier.de\/en\/datenschutz\/\" \/>\n<meta property=\"og:locale\" content=\"en_US\" \/>\n<meta property=\"og:type\" content=\"article\" \/>\n<meta property=\"og:title\" content=\"Datenschutz - Munitionstechnik &amp; Wiederladebedarf Samereier.de\" \/>\n<meta property=\"og:url\" content=\"https:\/\/samereier.de\/en\/datenschutz\/\" \/>\n<meta property=\"og:site_name\" content=\"Munitionstechnik &amp; Wiederladebedarf Samereier.de\" \/>\n<meta property=\"article:modified_time\" content=\"2020-02-28T19:13:45+00:00\" \/>\n<meta name=\"twitter:card\" content=\"summary_large_image\" \/>\n<meta name=\"twitter:label1\" content=\"Est. reading time\" \/>\n\t<meta name=\"twitter:data1\" content=\"7 minutes\" \/>\n<script type=\"application\/ld+json\" class=\"yoast-schema-graph\">{\"@context\":\"https:\/\/schema.org\",\"@graph\":[{\"@type\":\"WebPage\",\"@id\":\"https:\/\/samereier.de\/datenschutz\/\",\"url\":\"https:\/\/samereier.de\/datenschutz\/\",\"name\":\"Datenschutz - Munitionstechnik &amp; Wiederladebedarf Samereier.de\",\"isPartOf\":{\"@id\":\"https:\/\/samereier.de\/#website\"},\"datePublished\":\"2020-02-28T19:12:27+00:00\",\"dateModified\":\"2020-02-28T19:13:45+00:00\",\"breadcrumb\":{\"@id\":\"https:\/\/samereier.de\/datenschutz\/#breadcrumb\"},\"inLanguage\":\"en-US\",\"potentialAction\":[{\"@type\":\"ReadAction\",\"target\":[\"https:\/\/samereier.de\/datenschutz\/\"]}]},{\"@type\":\"BreadcrumbList\",\"@id\":\"https:\/\/samereier.de\/datenschutz\/#breadcrumb\",\"itemListElement\":[{\"@type\":\"ListItem\",\"position\":1,\"name\":\"Startseite\",\"item\":\"https:\/\/samereier.de\/\"},{\"@type\":\"ListItem\",\"position\":2,\"name\":\"Datenschutz\"}]},{\"@type\":\"WebSite\",\"@id\":\"https:\/\/samereier.de\/#website\",\"url\":\"https:\/\/samereier.de\/\",\"name\":\"Munitionstechnik &amp; Wiederladebedarf Samereier.de\",\"description\":\"Ihre Pr\u00e4zisionswerkstatt in Bayern!\",\"potentialAction\":[{\"@type\":\"SearchAction\",\"target\":{\"@type\":\"EntryPoint\",\"urlTemplate\":\"https:\/\/samereier.de\/?s={search_term_string}\"},\"query-input\":\"required name=search_term_string\"}],\"inLanguage\":\"en-US\"}]}<\/script>\n<!-- \/ Yoast SEO plugin. -->","yoast_head_json":{"title":"Datenschutz - Munitionstechnik &amp; Wiederladebedarf Samereier.de","robots":{"index":"index","follow":"follow","max-snippet":"max-snippet:-1","max-image-preview":"max-image-preview:large","max-video-preview":"max-video-preview:-1"},"canonical":"https:\/\/samereier.de\/en\/datenschutz\/","og_locale":"en_US","og_type":"article","og_title":"Datenschutz - Munitionstechnik &amp; Wiederladebedarf Samereier.de","og_url":"https:\/\/samereier.de\/en\/datenschutz\/","og_site_name":"Munitionstechnik &amp; Wiederladebedarf Samereier.de","article_modified_time":"2020-02-28T19:13:45+00:00","twitter_card":"summary_large_image","twitter_misc":{"Est. reading time":"7 minutes"},"schema":{"@context":"https:\/\/schema.org","@graph":[{"@type":"WebPage","@id":"https:\/\/samereier.de\/datenschutz\/","url":"https:\/\/samereier.de\/datenschutz\/","name":"Datenschutz - Munitionstechnik &amp; Wiederladebedarf Samereier.de","isPartOf":{"@id":"https:\/\/samereier.de\/#website"},"datePublished":"2020-02-28T19:12:27+00:00","dateModified":"2020-02-28T19:13:45+00:00","breadcrumb":{"@id":"https:\/\/samereier.de\/datenschutz\/#breadcrumb"},"inLanguage":"en-US","potentialAction":[{"@type":"ReadAction","target":["https:\/\/samereier.de\/datenschutz\/"]}]},{"@type":"BreadcrumbList","@id":"https:\/\/samereier.de\/datenschutz\/#breadcrumb","itemListElement":[{"@type":"ListItem","position":1,"name":"Startseite","item":"https:\/\/samereier.de\/"},{"@type":"ListItem","position":2,"name":"Datenschutz"}]},{"@type":"WebSite","@id":"https:\/\/samereier.de\/#website","url":"https:\/\/samereier.de\/","name":"Munitionstechnik &amp; Wiederladebedarf Samereier.de","description":"Ihre Pr\u00e4zisionswerkstatt in Bayern!","potentialAction":[{"@type":"SearchAction","target":{"@type":"EntryPoint","urlTemplate":"https:\/\/samereier.de\/?s={search_term_string}"},"query-input":"required name=search_term_string"}],"inLanguage":"en-US"}]}},"_links":{"self":[{"href":"https:\/\/samereier.de\/en\/wp-json\/wp\/v2\/pages\/224"}],"collection":[{"href":"https:\/\/samereier.de\/en\/wp-json\/wp\/v2\/pages"}],"about":[{"href":"https:\/\/samereier.de\/en\/wp-json\/wp\/v2\/types\/page"}],"author":[{"embeddable":true,"href":"https:\/\/samereier.de\/en\/wp-json\/wp\/v2\/users\/1"}],"replies":[{"embeddable":true,"href":"https:\/\/samereier.de\/en\/wp-json\/wp\/v2\/comments?post=224"}],"version-history":[{"count":5,"href":"https:\/\/samereier.de\/en\/wp-json\/wp\/v2\/pages\/224\/revisions"}],"predecessor-version":[{"id":227,"href":"https:\/\/samereier.de\/en\/wp-json\/wp\/v2\/pages\/224\/revisions\/227"}],"wp:attachment":[{"href":"https:\/\/samereier.de\/en\/wp-json\/wp\/v2\/media?parent=224"}],"curies":[{"name":"wp","href":"https:\/\/api.w.org\/{rel}","templated":true}]}}