{"id":213,"date":"2020-02-28T18:59:03","date_gmt":"2020-02-28T18:59:03","guid":{"rendered":"http:\/\/wordpress.samereier.de\/?page_id=213"},"modified":"2020-02-28T18:59:13","modified_gmt":"2020-02-28T18:59:13","slug":"lieferung","status":"publish","type":"page","link":"https:\/\/samereier.de\/en\/lieferung\/","title":{"rendered":"Lieferung"},"content":{"rendered":"<div id=\"fws_69d1f7c3df328\"  data-column-margin=\"default\" data-midnight=\"dark\"  class=\"wpb_row vc_row-fluid vc_row\"  style=\"padding-top: 0px; padding-bottom: 0px; \"><div class=\"row-bg-wrap\" data-bg-animation=\"none\" data-bg-animation-delay=\"\" data-bg-overlay=\"false\"><div class=\"inner-wrap row-bg-layer\" ><div class=\"row-bg viewport-desktop\"  style=\"\"><\/div><\/div><\/div><div class=\"row_col_wrap_12 col span_12 dark left\">\n\t<div  class=\"vc_col-sm-12 wpb_column column_container vc_column_container col no-extra-padding\"  data-padding-pos=\"all\" data-has-bg-color=\"false\" data-bg-color=\"\" data-bg-opacity=\"1\" data-animation=\"\" data-delay=\"0\" >\n\t\t<div class=\"vc_column-inner\" >\n\t\t\t<div class=\"wpb_wrapper\">\n\t\t\t\t<div class=\"divider-wrap\" data-alignment=\"default\"><div style=\"height: 45px;\" class=\"divider\"><\/div><\/div>\n\t\t\t<\/div> \n\t\t<\/div>\n\t<\/div> \n<\/div><\/div>\n\t\t<div id=\"fws_69d1f7c3e08ed\"  data-column-margin=\"default\" data-midnight=\"dark\" data-bottom-percent=\"3%\"  class=\"wpb_row vc_row-fluid vc_row full-width-section vc_row-o-equal-height vc_row-flex\"  style=\"padding-top: 0px; padding-bottom: calc(100vw * 0.03); \"><div class=\"row-bg-wrap\" data-bg-animation=\"none\" data-bg-animation-delay=\"\" data-bg-overlay=\"false\"><div class=\"inner-wrap row-bg-layer\" ><div class=\"row-bg viewport-desktop using-bg-color\"  style=\"background-color: #ffffff; \"><\/div><\/div><\/div><div class=\"row_col_wrap_12 col span_12 dark left\">\n\t<div  class=\"vc_col-sm-12 wpb_column column_container vc_column_container col no-extra-padding\"  data-padding-pos=\"all\" data-has-bg-color=\"false\" data-bg-color=\"\" data-bg-opacity=\"1\" data-animation=\"\" data-delay=\"0\" >\n\t\t<div class=\"vc_column-inner\" >\n\t\t\t<div class=\"wpb_wrapper\">\n\t\t\t\t<h2 style=\"font-size: 50px;color: #86957d;line-height: 50px;text-align: left\" class=\"vc_custom_heading\" >Terms of delivery and payment<\/h2><div class=\"divider-wrap\" data-alignment=\"default\"><div style=\"height: 50px;\" class=\"divider\"><\/div><\/div>\n<div class=\"wpb_text_column wpb_content_element\" >\n\t<div class=\"wpb_wrapper\">\n\t\t<p>Deliveries are always made at the expense and risk of the recipient. The legal provisions are a prerequisite for delivery. The prices valid on the day of delivery always apply. Returns or exchanges of goods are only possible within 8 days after prior consultation. Custom-made products or modified goods are excluded from the exchange \/ return right. My invoice amounts include VAT and are payable within 14 days. VAT is shown for business customers. Discounts or other deductions are not permitted. For larger bills, prepayment reserved!<\/p>\n<p>Legal disputes are decided by the local courts and authorities responsible for my company.<\/p>\n<p>All previous information, prices and publications lose their validity with the present delivery list!<\/p>\n\t<\/div>\n<\/div>\n\n\n\n\n\t\t\t<\/div> \n\t\t<\/div>\n\t<\/div> \n<\/div><\/div>","protected":false},"excerpt":{"rendered":"Lieferungs- und Zahlungsbedingungen Lieferungen erfolgen grunds\u00e4tzlich immer auf Rechnung und Gefahr des Empf\u00e4ngers. Die gesetzlichen Bestimmungen sind Voraussetzung f\u00fcr eine Belieferung. Es gelten immer die am Tag der Lieferung g\u00fcltigen...","protected":false},"author":1,"featured_media":0,"parent":0,"menu_order":0,"comment_status":"closed","ping_status":"closed","template":"","meta":[],"yoast_head":"<!-- This site is optimized with the Yoast SEO plugin v19.8 - https:\/\/yoast.com\/wordpress\/plugins\/seo\/ -->\n<title>Lieferung - Munitionstechnik &amp; Wiederladebedarf Samereier.de<\/title>\n<meta name=\"robots\" content=\"index, follow, max-snippet:-1, max-image-preview:large, max-video-preview:-1\" \/>\n<link rel=\"canonical\" href=\"https:\/\/samereier.de\/en\/lieferung\/\" \/>\n<meta property=\"og:locale\" content=\"en_US\" \/>\n<meta property=\"og:type\" content=\"article\" \/>\n<meta property=\"og:title\" content=\"Lieferung - Munitionstechnik &amp; Wiederladebedarf Samereier.de\" \/>\n<meta property=\"og:url\" content=\"https:\/\/samereier.de\/en\/lieferung\/\" \/>\n<meta property=\"og:site_name\" content=\"Munitionstechnik &amp; Wiederladebedarf Samereier.de\" \/>\n<meta property=\"article:modified_time\" content=\"2020-02-28T18:59:13+00:00\" \/>\n<meta name=\"twitter:card\" content=\"summary_large_image\" \/>\n<meta name=\"twitter:label1\" content=\"Est. reading time\" \/>\n\t<meta name=\"twitter:data1\" content=\"2 minutes\" \/>\n<script type=\"application\/ld+json\" class=\"yoast-schema-graph\">{\"@context\":\"https:\/\/schema.org\",\"@graph\":[{\"@type\":\"WebPage\",\"@id\":\"https:\/\/samereier.de\/lieferung\/\",\"url\":\"https:\/\/samereier.de\/lieferung\/\",\"name\":\"Lieferung - Munitionstechnik &amp; Wiederladebedarf Samereier.de\",\"isPartOf\":{\"@id\":\"https:\/\/samereier.de\/#website\"},\"datePublished\":\"2020-02-28T18:59:03+00:00\",\"dateModified\":\"2020-02-28T18:59:13+00:00\",\"breadcrumb\":{\"@id\":\"https:\/\/samereier.de\/lieferung\/#breadcrumb\"},\"inLanguage\":\"en-US\",\"potentialAction\":[{\"@type\":\"ReadAction\",\"target\":[\"https:\/\/samereier.de\/lieferung\/\"]}]},{\"@type\":\"BreadcrumbList\",\"@id\":\"https:\/\/samereier.de\/lieferung\/#breadcrumb\",\"itemListElement\":[{\"@type\":\"ListItem\",\"position\":1,\"name\":\"Startseite\",\"item\":\"https:\/\/samereier.de\/\"},{\"@type\":\"ListItem\",\"position\":2,\"name\":\"Lieferung\"}]},{\"@type\":\"WebSite\",\"@id\":\"https:\/\/samereier.de\/#website\",\"url\":\"https:\/\/samereier.de\/\",\"name\":\"Munitionstechnik &amp; Wiederladebedarf Samereier.de\",\"description\":\"Ihre Pr\u00e4zisionswerkstatt in Bayern!\",\"potentialAction\":[{\"@type\":\"SearchAction\",\"target\":{\"@type\":\"EntryPoint\",\"urlTemplate\":\"https:\/\/samereier.de\/?s={search_term_string}\"},\"query-input\":\"required name=search_term_string\"}],\"inLanguage\":\"en-US\"}]}<\/script>\n<!-- \/ Yoast SEO plugin. -->","yoast_head_json":{"title":"Lieferung - Munitionstechnik &amp; Wiederladebedarf Samereier.de","robots":{"index":"index","follow":"follow","max-snippet":"max-snippet:-1","max-image-preview":"max-image-preview:large","max-video-preview":"max-video-preview:-1"},"canonical":"https:\/\/samereier.de\/en\/lieferung\/","og_locale":"en_US","og_type":"article","og_title":"Lieferung - Munitionstechnik &amp; Wiederladebedarf Samereier.de","og_url":"https:\/\/samereier.de\/en\/lieferung\/","og_site_name":"Munitionstechnik &amp; Wiederladebedarf Samereier.de","article_modified_time":"2020-02-28T18:59:13+00:00","twitter_card":"summary_large_image","twitter_misc":{"Est. reading time":"2 minutes"},"schema":{"@context":"https:\/\/schema.org","@graph":[{"@type":"WebPage","@id":"https:\/\/samereier.de\/lieferung\/","url":"https:\/\/samereier.de\/lieferung\/","name":"Lieferung - Munitionstechnik &amp; Wiederladebedarf Samereier.de","isPartOf":{"@id":"https:\/\/samereier.de\/#website"},"datePublished":"2020-02-28T18:59:03+00:00","dateModified":"2020-02-28T18:59:13+00:00","breadcrumb":{"@id":"https:\/\/samereier.de\/lieferung\/#breadcrumb"},"inLanguage":"en-US","potentialAction":[{"@type":"ReadAction","target":["https:\/\/samereier.de\/lieferung\/"]}]},{"@type":"BreadcrumbList","@id":"https:\/\/samereier.de\/lieferung\/#breadcrumb","itemListElement":[{"@type":"ListItem","position":1,"name":"Startseite","item":"https:\/\/samereier.de\/"},{"@type":"ListItem","position":2,"name":"Lieferung"}]},{"@type":"WebSite","@id":"https:\/\/samereier.de\/#website","url":"https:\/\/samereier.de\/","name":"Munitionstechnik &amp; Wiederladebedarf Samereier.de","description":"Ihre Pr\u00e4zisionswerkstatt in Bayern!","potentialAction":[{"@type":"SearchAction","target":{"@type":"EntryPoint","urlTemplate":"https:\/\/samereier.de\/?s={search_term_string}"},"query-input":"required name=search_term_string"}],"inLanguage":"en-US"}]}},"_links":{"self":[{"href":"https:\/\/samereier.de\/en\/wp-json\/wp\/v2\/pages\/213"}],"collection":[{"href":"https:\/\/samereier.de\/en\/wp-json\/wp\/v2\/pages"}],"about":[{"href":"https:\/\/samereier.de\/en\/wp-json\/wp\/v2\/types\/page"}],"author":[{"embeddable":true,"href":"https:\/\/samereier.de\/en\/wp-json\/wp\/v2\/users\/1"}],"replies":[{"embeddable":true,"href":"https:\/\/samereier.de\/en\/wp-json\/wp\/v2\/comments?post=213"}],"version-history":[{"count":3,"href":"https:\/\/samereier.de\/en\/wp-json\/wp\/v2\/pages\/213\/revisions"}],"predecessor-version":[{"id":216,"href":"https:\/\/samereier.de\/en\/wp-json\/wp\/v2\/pages\/213\/revisions\/216"}],"wp:attachment":[{"href":"https:\/\/samereier.de\/en\/wp-json\/wp\/v2\/media?parent=213"}],"curies":[{"name":"wp","href":"https:\/\/api.w.org\/{rel}","templated":true}]}}