{"id":189,"date":"2020-02-28T18:36:59","date_gmt":"2020-02-28T18:36:59","guid":{"rendered":"http:\/\/wordpress.samereier.de\/?page_id=189"},"modified":"2020-03-06T20:03:32","modified_gmt":"2020-03-06T20:03:32","slug":"reduzierhuelsen","status":"publish","type":"page","link":"https:\/\/samereier.de\/en\/reduzierhuelsen\/","title":{"rendered":"Reducing Sleeves"},"content":{"rendered":"<div id=\"fws_69e48bf167cd3\"  data-column-margin=\"default\" data-midnight=\"dark\"  class=\"wpb_row vc_row-fluid vc_row\"  style=\"padding-top: 0px; padding-bottom: 0px; \"><div class=\"row-bg-wrap\" data-bg-animation=\"none\" data-bg-animation-delay=\"\" data-bg-overlay=\"false\"><div class=\"inner-wrap row-bg-layer\" ><div class=\"row-bg viewport-desktop\"  style=\"\"><\/div><\/div><\/div><div class=\"row_col_wrap_12 col span_12 dark left\">\n\t<div  class=\"vc_col-sm-12 wpb_column column_container vc_column_container col no-extra-padding\"  data-padding-pos=\"all\" data-has-bg-color=\"false\" data-bg-color=\"\" data-bg-opacity=\"1\" data-animation=\"\" data-delay=\"0\" >\n\t\t<div class=\"vc_column-inner\" >\n\t\t\t<div class=\"wpb_wrapper\">\n\t\t\t\t<div class=\"divider-wrap\" data-alignment=\"default\"><div style=\"height: 45px;\" class=\"divider\"><\/div><\/div>\n\t\t\t<\/div> \n\t\t<\/div>\n\t<\/div> \n<\/div><\/div>\n\t\t<div id=\"fws_69e48bf169257\"  data-column-margin=\"default\" data-midnight=\"dark\" data-bottom-percent=\"1%\"  class=\"wpb_row vc_row-fluid vc_row full-width-section vc_row-o-equal-height vc_row-flex\"  style=\"padding-top: 0px; padding-bottom: calc(100vw * 0.01); \"><div class=\"row-bg-wrap\" data-bg-animation=\"none\" data-bg-animation-delay=\"\" data-bg-overlay=\"false\"><div class=\"inner-wrap row-bg-layer\" ><div class=\"row-bg viewport-desktop using-bg-color\"  style=\"background-color: #ffffff; \"><\/div><\/div><\/div><div class=\"row_col_wrap_12 col span_12 dark left\">\n\t<div  class=\"vc_col-sm-3\/5 wpb_column column_container vc_column_container col no-extra-padding\"  data-padding-pos=\"all\" data-has-bg-color=\"false\" data-bg-color=\"\" data-bg-opacity=\"1\" data-animation=\"\" data-delay=\"0\" >\n\t\t<div class=\"vc_column-inner\" >\n\t\t\t<div class=\"wpb_wrapper\">\n\t\t\t\t<h1 style=\"font-size: 50px;color: #86957d;line-height: 50px;text-align: left\" class=\"vc_custom_heading\" >Samereier Reducing Sleeves<\/h1><h2 style=\"font-size: 30px;line-height: 50px;text-align: left\" class=\"vc_custom_heading\" >(registered trademark)<\/h2>\n\t\t\t<\/div> \n\t\t<\/div>\n\t<\/div> \n\n\t<div  class=\"vc_col-sm-2\/5 wpb_column column_container vc_column_container col no-extra-padding\"  data-padding-pos=\"all\" data-has-bg-color=\"false\" data-bg-color=\"\" data-bg-opacity=\"1\" data-animation=\"\" data-delay=\"0\" >\n\t\t<div class=\"vc_column-inner\" >\n\t\t\t<div class=\"wpb_wrapper\">\n\t\t\t\t<div class=\"nectar-cta\" data-color=\"accent-color\" data-using-bg=\"true\" data-style=\"arrow-animation\" data-display=\"block\" data-alignment=\"right\" data-text-color=\"custom\" style=\"margin-top: 40px; margin-bottom: 20px; \"><h5 style=\"color: #ffffff;\"><span class=\"link_wrap\" style=\"padding-top: 20px; padding-right: 40px; padding-bottom: 20px; padding-left: 40px;\"><a  class=\"link_text\" href=\"https:\/\/samereier.de\/en\/reduzierhuelsen_lieferliste\/\"><span class=\"text\">Loadingtable \/ Prices<\/span><svg class=\"next-arrow\" aria-hidden=\"true\" width=\"20px\" height=\"25px\" viewbox=\"0 0 50 80\" xml:space=\"preserve\">\n  <polyline stroke=\"#ffffff\" stroke-width=\"9\" fill=\"none\" stroke-linecap=\"round\" stroke-linejoin=\"round\" points=\"0, 0 45, 40 0, 80\"\/>\n  <\/svg>  <span class=\"line\"  style=\"background-color: #ffffff;\"><\/span> <\/a><\/span><\/h5><\/div>\n\t\t\t<\/div> \n\t\t<\/div>\n\t<\/div> \n<\/div><\/div>\n\t\t<div id=\"fws_69e48bf16bbf3\"  data-column-margin=\"default\" data-midnight=\"dark\" data-bottom-percent=\"3%\"  class=\"wpb_row vc_row-fluid vc_row full-width-section vc_row-o-equal-height vc_row-flex\"  style=\"padding-top: 0px; padding-bottom: calc(100vw * 0.03); \"><div class=\"row-bg-wrap\" data-bg-animation=\"none\" data-bg-animation-delay=\"\" data-bg-overlay=\"false\"><div class=\"inner-wrap row-bg-layer\" ><div class=\"row-bg viewport-desktop using-bg-color\"  style=\"background-color: #ffffff; \"><\/div><\/div><\/div><div class=\"row_col_wrap_12 col span_12 dark left\">\n\t<div  class=\"vc_col-sm-12 wpb_column column_container vc_column_container col no-extra-padding\"  data-padding-pos=\"all\" data-has-bg-color=\"false\" data-bg-color=\"\" data-bg-opacity=\"1\" data-animation=\"\" data-delay=\"0\" >\n\t\t<div class=\"vc_column-inner\" >\n\t\t\t<div class=\"wpb_wrapper\">\n\t\t\t\t\n<div class=\"wpb_text_column wpb_content_element\" >\n\t<div class=\"wpb_wrapper\">\n\t\t<p id=\"u12681-2\"><strong>The inside ballistic correct way for reduced loads!<\/strong><\/p>\n<p>The reduced cartridge cases are turned from solid brass material on high-quality machine tools, whereby dimensional accuracy and shot performance meet the highest demands. The reduced cartridge cases have a reduced powder space, which is optimally dimensioned for loads with reduced output and ensures the burning behavior of the powder evenly. The cases are manufactured to the maximum according to CIP. In the case of smaller (undersized) chamber, the neck of the case may have to be turned smaller.<\/p>\n<p>The cases are almost indestructible if you take two things into account. At first, the cases should not be overloaded, otherwise the massive body will be deformed. And secondly, after five shots each time, the cases should be warmed (do not glow) with a -soft- gas flame for about five seconds so that the elasticity is retained.<\/p>\n<p>Please only calibrate the shot cases (note calibration dimension). Not internal calibres! Remove the primer with the appropriate pin. If necessary, press the sleeve shoulder a little with the setting die of the next higher caliber group with the same shoulder angle.<\/p>\n<p><strong><span id=\"u12681-13\">Shooting in \/ charge determination:<\/span><\/strong> Load a few reduced cartridge cases according to the loading information and shoot with them. Usually, one of the suggested laborations will fit.<\/p>\n\t<\/div>\n<\/div>\n\n\n\n\n\t\t\t<\/div> \n\t\t<\/div>\n\t<\/div> \n<\/div><\/div>\n\t\t<div id=\"fws_69e48bf16cd00\"  data-column-margin=\"default\" data-midnight=\"dark\" data-top-percent=\"1%\"  class=\"wpb_row vc_row-fluid vc_row\"  style=\"padding-top: calc(100vw * 0.01); padding-bottom: 100px; \"><div class=\"row-bg-wrap\" data-bg-animation=\"none\" data-bg-animation-delay=\"\" data-bg-overlay=\"false\"><div class=\"inner-wrap row-bg-layer\" ><div class=\"row-bg viewport-desktop\"  style=\"\"><\/div><\/div><\/div><div class=\"row_col_wrap_12 col span_12 dark left\">\n\t<div  class=\"vc_col-sm-3 wpb_column column_container vc_column_container col no-extra-padding\"  data-padding-pos=\"all\" data-has-bg-color=\"false\" data-bg-color=\"\" data-bg-opacity=\"1\" data-animation=\"\" data-delay=\"0\" >\n\t\t<div class=\"vc_column-inner\" >\n\t\t\t<div class=\"wpb_wrapper\">\n\t\t\t\t<div class=\"img-with-aniamtion-wrap\" data-max-width=\"100%\" data-max-width-mobile=\"default\" data-shadow=\"none\" data-animation=\"fade-in\" >\n      <div class=\"inner\">\n        <div class=\"hover-wrap\"> \n          <div class=\"hover-wrap-inner\">\n            <img class=\"img-with-animation skip-lazy\" data-delay=\"0\" height=\"170\" width=\"270\" data-animation=\"fade-in\" src=\"https:\/\/samereier.de\/wp-content\/uploads\/2020\/02\/ladeta3.jpg\" alt=\"\"  \/>\n          <\/div>\n        <\/div>\n      <\/div>\n    <\/div>\n<div class=\"wpb_text_column wpb_content_element\" >\n\t<div class=\"wpb_wrapper\">\n\t\t<p id=\"u12689-2\"><strong>Here is the principle!<br \/>\n<\/strong>5.6 x 50R and .30 - 06 each factory and reducing sleeve in the sectional view.<br \/>\nPowder space like .22 Hornet at 5.6 x 50R<br \/>\nPowder space like .30 carbin at .30 - 06<br \/>\nPower can be varied depending on the load, see loading table<\/p>\n\t<\/div>\n<\/div>\n\n\n\n\n\t\t\t<\/div> \n\t\t<\/div>\n\t<\/div> \n\n\t<div  class=\"vc_col-sm-3 wpb_column column_container vc_column_container col no-extra-padding\"  data-padding-pos=\"all\" data-has-bg-color=\"false\" data-bg-color=\"\" data-bg-opacity=\"1\" data-animation=\"\" data-delay=\"0\" >\n\t\t<div class=\"vc_column-inner\" >\n\t\t\t<div class=\"wpb_wrapper\">\n\t\t\t\t<div class=\"img-with-aniamtion-wrap\" data-max-width=\"100%\" data-max-width-mobile=\"default\" data-shadow=\"none\" data-animation=\"fade-in\" >\n      <div class=\"inner\">\n        <div class=\"hover-wrap\"> \n          <div class=\"hover-wrap-inner\">\n            <img class=\"img-with-animation skip-lazy\" data-delay=\"0\" height=\"170\" width=\"270\" data-animation=\"fade-in\" src=\"https:\/\/samereier.de\/wp-content\/uploads\/2020\/02\/ladeta4.jpg\" alt=\"\"  \/>\n          <\/div>\n        <\/div>\n      <\/div>\n    <\/div>\n<div class=\"wpb_text_column wpb_content_element\" >\n\t<div class=\"wpb_wrapper\">\n\t\t<p>Shot image with 5.6 x 50R RED - sleeves 2.9 g Tlm Sierra 7,7grs N110<\/p>\n\t<\/div>\n<\/div>\n\n\n\n\n\t\t\t<\/div> \n\t\t<\/div>\n\t<\/div> \n\n\t<div  class=\"vc_col-sm-3 wpb_column column_container vc_column_container col no-extra-padding\"  data-padding-pos=\"all\" data-has-bg-color=\"false\" data-bg-color=\"\" data-bg-opacity=\"1\" data-animation=\"\" data-delay=\"0\" >\n\t\t<div class=\"vc_column-inner\" >\n\t\t\t<div class=\"wpb_wrapper\">\n\t\t\t\t\n\t\t\t<\/div> \n\t\t<\/div>\n\t<\/div> \n\n\t<div  class=\"vc_col-sm-3 wpb_column column_container vc_column_container col no-extra-padding\"  data-padding-pos=\"all\" data-has-bg-color=\"false\" data-bg-color=\"\" data-bg-opacity=\"1\" data-animation=\"\" data-delay=\"0\" >\n\t\t<div class=\"vc_column-inner\" >\n\t\t\t<div class=\"wpb_wrapper\">\n\t\t\t\t\n\t\t\t<\/div> \n\t\t<\/div>\n\t<\/div> \n<\/div><\/div>","protected":false},"excerpt":{"rendered":"Samereier REDUZIERH\u00dcLSEN(eingetragene Marke) Ladetabelle \/ Preise Der innenballistisch korrekte Weg f\u00fcr reduzierte Ladungen! Die Reduzierh\u00fclsen werden aus Messingvollmaterial auf hochwertigen Werkzeugmaschinen gedreht, wobei Ma\u00dfhaltigkeit und Schussleistung h\u00f6chsten Anspr\u00fcchen gerecht werden....","protected":false},"author":1,"featured_media":0,"parent":0,"menu_order":0,"comment_status":"closed","ping_status":"closed","template":"","meta":[],"yoast_head":"<!-- This site is optimized with the Yoast SEO plugin v19.8 - https:\/\/yoast.com\/wordpress\/plugins\/seo\/ -->\n<title>Reduzierh\u00fclsen - Munitionstechnik &amp; Wiederladebedarf Samereier.de<\/title>\n<meta name=\"robots\" content=\"index, follow, max-snippet:-1, max-image-preview:large, max-video-preview:-1\" \/>\n<link rel=\"canonical\" href=\"https:\/\/samereier.de\/en\/reduzierhuelsen\/\" \/>\n<meta property=\"og:locale\" content=\"en_US\" \/>\n<meta property=\"og:type\" content=\"article\" \/>\n<meta property=\"og:title\" content=\"Reduzierh\u00fclsen - Munitionstechnik &amp; Wiederladebedarf Samereier.de\" \/>\n<meta property=\"og:url\" content=\"https:\/\/samereier.de\/en\/reduzierhuelsen\/\" \/>\n<meta property=\"og:site_name\" content=\"Munitionstechnik &amp; Wiederladebedarf Samereier.de\" \/>\n<meta property=\"article:modified_time\" content=\"2020-03-06T20:03:32+00:00\" \/>\n<meta name=\"twitter:card\" content=\"summary_large_image\" \/>\n<meta name=\"twitter:label1\" content=\"Est. reading time\" \/>\n\t<meta name=\"twitter:data1\" content=\"5 minutes\" \/>\n<script type=\"application\/ld+json\" class=\"yoast-schema-graph\">{\"@context\":\"https:\/\/schema.org\",\"@graph\":[{\"@type\":\"WebPage\",\"@id\":\"https:\/\/samereier.de\/reduzierhuelsen\/\",\"url\":\"https:\/\/samereier.de\/reduzierhuelsen\/\",\"name\":\"Reduzierh\u00fclsen - Munitionstechnik &amp; Wiederladebedarf Samereier.de\",\"isPartOf\":{\"@id\":\"https:\/\/samereier.de\/#website\"},\"datePublished\":\"2020-02-28T18:36:59+00:00\",\"dateModified\":\"2020-03-06T20:03:32+00:00\",\"breadcrumb\":{\"@id\":\"https:\/\/samereier.de\/reduzierhuelsen\/#breadcrumb\"},\"inLanguage\":\"en-US\",\"potentialAction\":[{\"@type\":\"ReadAction\",\"target\":[\"https:\/\/samereier.de\/reduzierhuelsen\/\"]}]},{\"@type\":\"BreadcrumbList\",\"@id\":\"https:\/\/samereier.de\/reduzierhuelsen\/#breadcrumb\",\"itemListElement\":[{\"@type\":\"ListItem\",\"position\":1,\"name\":\"Startseite\",\"item\":\"https:\/\/samereier.de\/\"},{\"@type\":\"ListItem\",\"position\":2,\"name\":\"Reduzierh\u00fclsen\"}]},{\"@type\":\"WebSite\",\"@id\":\"https:\/\/samereier.de\/#website\",\"url\":\"https:\/\/samereier.de\/\",\"name\":\"Munitionstechnik &amp; Wiederladebedarf Samereier.de\",\"description\":\"Ihre Pr\u00e4zisionswerkstatt in Bayern!\",\"potentialAction\":[{\"@type\":\"SearchAction\",\"target\":{\"@type\":\"EntryPoint\",\"urlTemplate\":\"https:\/\/samereier.de\/?s={search_term_string}\"},\"query-input\":\"required name=search_term_string\"}],\"inLanguage\":\"en-US\"}]}<\/script>\n<!-- \/ Yoast SEO plugin. -->","yoast_head_json":{"title":"Reduzierh\u00fclsen - Munitionstechnik &amp; Wiederladebedarf Samereier.de","robots":{"index":"index","follow":"follow","max-snippet":"max-snippet:-1","max-image-preview":"max-image-preview:large","max-video-preview":"max-video-preview:-1"},"canonical":"https:\/\/samereier.de\/en\/reduzierhuelsen\/","og_locale":"en_US","og_type":"article","og_title":"Reduzierh\u00fclsen - Munitionstechnik &amp; Wiederladebedarf Samereier.de","og_url":"https:\/\/samereier.de\/en\/reduzierhuelsen\/","og_site_name":"Munitionstechnik &amp; Wiederladebedarf Samereier.de","article_modified_time":"2020-03-06T20:03:32+00:00","twitter_card":"summary_large_image","twitter_misc":{"Est. reading time":"5 minutes"},"schema":{"@context":"https:\/\/schema.org","@graph":[{"@type":"WebPage","@id":"https:\/\/samereier.de\/reduzierhuelsen\/","url":"https:\/\/samereier.de\/reduzierhuelsen\/","name":"Reduzierh\u00fclsen - Munitionstechnik &amp; Wiederladebedarf Samereier.de","isPartOf":{"@id":"https:\/\/samereier.de\/#website"},"datePublished":"2020-02-28T18:36:59+00:00","dateModified":"2020-03-06T20:03:32+00:00","breadcrumb":{"@id":"https:\/\/samereier.de\/reduzierhuelsen\/#breadcrumb"},"inLanguage":"en-US","potentialAction":[{"@type":"ReadAction","target":["https:\/\/samereier.de\/reduzierhuelsen\/"]}]},{"@type":"BreadcrumbList","@id":"https:\/\/samereier.de\/reduzierhuelsen\/#breadcrumb","itemListElement":[{"@type":"ListItem","position":1,"name":"Startseite","item":"https:\/\/samereier.de\/"},{"@type":"ListItem","position":2,"name":"Reduzierh\u00fclsen"}]},{"@type":"WebSite","@id":"https:\/\/samereier.de\/#website","url":"https:\/\/samereier.de\/","name":"Munitionstechnik &amp; Wiederladebedarf Samereier.de","description":"Ihre Pr\u00e4zisionswerkstatt in Bayern!","potentialAction":[{"@type":"SearchAction","target":{"@type":"EntryPoint","urlTemplate":"https:\/\/samereier.de\/?s={search_term_string}"},"query-input":"required name=search_term_string"}],"inLanguage":"en-US"}]}},"_links":{"self":[{"href":"https:\/\/samereier.de\/en\/wp-json\/wp\/v2\/pages\/189"}],"collection":[{"href":"https:\/\/samereier.de\/en\/wp-json\/wp\/v2\/pages"}],"about":[{"href":"https:\/\/samereier.de\/en\/wp-json\/wp\/v2\/types\/page"}],"author":[{"embeddable":true,"href":"https:\/\/samereier.de\/en\/wp-json\/wp\/v2\/users\/1"}],"replies":[{"embeddable":true,"href":"https:\/\/samereier.de\/en\/wp-json\/wp\/v2\/comments?post=189"}],"version-history":[{"count":20,"href":"https:\/\/samereier.de\/en\/wp-json\/wp\/v2\/pages\/189\/revisions"}],"predecessor-version":[{"id":244,"href":"https:\/\/samereier.de\/en\/wp-json\/wp\/v2\/pages\/189\/revisions\/244"}],"wp:attachment":[{"href":"https:\/\/samereier.de\/en\/wp-json\/wp\/v2\/media?parent=189"}],"curies":[{"name":"wp","href":"https:\/\/api.w.org\/{rel}","templated":true}]}}