{"id":185,"date":"2020-02-28T18:30:55","date_gmt":"2020-02-28T18:30:55","guid":{"rendered":"http:\/\/wordpress.samereier.de\/?page_id=185"},"modified":"2024-08-17T13:53:43","modified_gmt":"2024-08-17T13:53:43","slug":"diabolohuelsen","status":"publish","type":"page","link":"https:\/\/samereier.de\/en\/diabolohuelsen\/","title":{"rendered":"Diabolocases"},"content":{"rendered":"<div id=\"fws_69e489e4452e0\"  data-column-margin=\"default\" data-midnight=\"dark\"  class=\"wpb_row vc_row-fluid vc_row\"  style=\"padding-top: 0px; padding-bottom: 0px; \"><div class=\"row-bg-wrap\" data-bg-animation=\"none\" data-bg-animation-delay=\"\" data-bg-overlay=\"false\"><div class=\"inner-wrap row-bg-layer\" ><div class=\"row-bg viewport-desktop\"  style=\"\"><\/div><\/div><\/div><div class=\"row_col_wrap_12 col span_12 dark left\">\n\t<div  class=\"vc_col-sm-12 wpb_column column_container vc_column_container col no-extra-padding inherit_tablet inherit_phone\"  data-padding-pos=\"all\" data-has-bg-color=\"false\" data-bg-color=\"\" data-bg-opacity=\"1\" data-animation=\"\" data-delay=\"0\" >\n\t\t<div class=\"vc_column-inner\" >\n\t\t\t<div class=\"wpb_wrapper\">\n\t\t\t\t<div class=\"divider-wrap\" data-alignment=\"default\"><div style=\"height: 45px;\" class=\"divider\"><\/div><\/div>\n\t\t\t<\/div> \n\t\t<\/div>\n\t<\/div> \n<\/div><\/div>\n\t\t<div id=\"fws_69e489e446803\"  data-column-margin=\"default\" data-midnight=\"dark\" data-bottom-percent=\"3%\"  class=\"wpb_row vc_row-fluid vc_row full-width-section vc_row-o-equal-height vc_row-flex\"  style=\"padding-top: 0px; padding-bottom: calc(100vw * 0.03); \"><div class=\"row-bg-wrap\" data-bg-animation=\"none\" data-bg-animation-delay=\"\" data-bg-overlay=\"false\"><div class=\"inner-wrap row-bg-layer\" ><div class=\"row-bg viewport-desktop using-bg-color\"  style=\"background-color: #ffffff; \"><\/div><\/div><\/div><div class=\"row_col_wrap_12 col span_12 dark left\">\n\t<div  class=\"vc_col-sm-12 wpb_column column_container vc_column_container col no-extra-padding inherit_tablet inherit_phone\"  data-padding-pos=\"all\" data-has-bg-color=\"false\" data-bg-color=\"\" data-bg-opacity=\"1\" data-animation=\"\" data-delay=\"0\" >\n\t\t<div class=\"vc_column-inner\" >\n\t\t\t<div class=\"wpb_wrapper\">\n\t\t\t\t<h1 style=\"font-size: 50px;color: #86957d;line-height: 50px;text-align: left\" class=\"vc_custom_heading\" >Diabolo cases<\/h1><h2 style=\"font-size: 30px;line-height: 50px;text-align: left\" class=\"vc_custom_heading\" >and your rifle becomes a Tesching!<\/h2><div class=\"divider-wrap\" data-alignment=\"default\"><div style=\"height: 50px;\" class=\"divider\"><\/div><\/div>\n<div class=\"wpb_text_column wpb_content_element\" >\n\t<div class=\"wpb_wrapper\">\n\t\t<p>Diabolo or round balls are fired in special cases, driven by a shotgun primer. The performance is about 4 times stronger than a normal air rifle. (Penetration depth in spruce wood approx. 15mm). The shotgun primer can be placed with the thumb. The diabolo or the round ball is loaded from the front and pressed down with a pin until it stops.<\/p>\n<p>The performance can be increased by adding a little powder. Glue the shotgun primer in place, approx. 1.0 grs of powder (P805, N310 or shotgun cartridge powder), cardboard disc on top and round ball (paved), done. Up to 50-60m ideal for pigeons, rabbits, etc. with little bang. <strong>Powder addition only with a round ball, diabolo balls tear off!<\/strong><\/p>\n<p>Wir fertigen unsere Diaboloh\u00fclsen standardm\u00e4\u00dfig f\u00fcr CCI209 Schrotz\u00fcnder. Wenn Sie Z\u00fcnder anderer Hersteller verwenden m\u00f6chten, bitte dies bei der Bestellung angeben, da diese geringe Ma\u00dfabweichungen untereinander aufweisen.<\/p>\n<p>Available calibers: <b>price for 5 pieces<br \/>\n<\/b>For .38 Spezial \/ .357 Mag (5.5 mm) (please specify exact drum length) in combination with the well-known Walther insert barrels!<\/p>\n<p>Stand: 17.08.2024<\/p>\n\t<\/div>\n<\/div>\n\n\n\n\n\t\t\t<\/div> \n\t\t<\/div>\n\t<\/div> \n<\/div><\/div>\n\t\t<div id=\"fws_69e489e448cff\"  data-column-margin=\"default\" data-midnight=\"dark\"  class=\"wpb_row vc_row-fluid vc_row\"  style=\"padding-top: 0px; padding-bottom: 0px; \"><div class=\"row-bg-wrap\" data-bg-animation=\"none\" data-bg-animation-delay=\"\" data-bg-overlay=\"false\"><div class=\"inner-wrap row-bg-layer\" ><div class=\"row-bg viewport-desktop\"  style=\"\"><\/div><\/div><\/div><div class=\"row_col_wrap_12 col span_12 dark left\">\n\t<div  class=\"vc_col-sm-12 wpb_column column_container vc_column_container col no-extra-padding inherit_tablet inherit_phone\"  data-padding-pos=\"all\" data-has-bg-color=\"false\" data-bg-color=\"\" data-bg-opacity=\"1\" data-animation=\"\" data-delay=\"0\" >\n\t\t<div class=\"vc_column-inner\" >\n\t\t\t<div class=\"wpb_wrapper\">\n\t\t\t\t\n<div class=\"wpb_text_column wpb_content_element\" >\n\t<div class=\"wpb_wrapper\">\n\t\t\n<table id=\"tablepress-5\" class=\"tablepress tablepress-id-5\">\n<thead>\n<tr class=\"row-1 odd\">\n\t<th class=\"column-1\">Caliber<\/th><th class=\"column-2\">Bullet<\/th><th class=\"column-3\">Preise je 5 St\u00fcck<\/th>\n<\/tr>\n<\/thead>\n<tbody class=\"row-hover\">\n<tr class=\"row-2 even\">\n\t<td class=\"column-1\">  .38 \/ .357          <\/td><td class=\"column-2\">5,5mm Diabolo oder 5,5mm Rundkugel<\/td><td class=\"column-3\">34.50 \u20ac<\/td>\n<\/tr>\n<tr class=\"row-3 odd\">\n\t<td class=\"column-1\">  .22 Hornet<\/td><td class=\"column-2\">5,5mm Diabolo oder 5,5mm Rundkugel<\/td><td class=\"column-3\">34.50 \u20ac<\/td>\n<\/tr>\n<tr class=\"row-4 even\">\n\t<td class=\"column-1\">  .222 Rem<\/td><td class=\"column-2\">5,5mm Diabolo oder 5,5mm Rundkugel<\/td><td class=\"column-3\">34.50 \u20ac<\/td>\n<\/tr>\n<tr class=\"row-5 odd\">\n\t<td class=\"column-1\">  .223 Rem<\/td><td class=\"column-2\">5,5mm Diabolo oder 5,5mm Rundkugel<\/td><td class=\"column-3\">34.50 \u20ac<\/td>\n<\/tr>\n<tr class=\"row-6 even\">\n\t<td class=\"column-1\">  5,6x50 R<\/td><td class=\"column-2\">5,5mm Diabolo oder 5,5mm Rundkugel<\/td><td class=\"column-3\">36.50 \u20ac<\/td>\n<\/tr>\n<tr class=\"row-7 odd\">\n\t<td class=\"column-1\">  6,5x55<\/td><td class=\"column-2\">6,35mm Diabolo<\/td><td class=\"column-3\">36.50 \u20ac<\/td>\n<\/tr>\n<tr class=\"row-8 even\">\n\t<td class=\"column-1\">  6,5x57<\/td><td class=\"column-2\">6,35mm Diabolo<\/td><td class=\"column-3\">36.50 \u20ac<\/td>\n<\/tr>\n<tr class=\"row-9 odd\">\n\t<td class=\"column-1\">  6,5x57R<\/td><td class=\"column-2\">6,35mm Diabolo<\/td><td class=\"column-3\">38.20 \u20ac<\/td>\n<\/tr>\n<tr class=\"row-10 even\">\n\t<td class=\"column-1\">  7x57<\/td><td class=\"column-2\">.278 Rundkugel<\/td><td class=\"column-3\">36.50 \u20ac<\/td>\n<\/tr>\n<tr class=\"row-11 odd\">\n\t<td class=\"column-1\">  7x57R<\/td><td class=\"column-2\">.278 Rundkugel<\/td><td class=\"column-3\">38.20 \u20ac<\/td>\n<\/tr>\n<tr class=\"row-12 even\">\n\t<td class=\"column-1\">  7x64<\/td><td class=\"column-2\">.278 Rundkugel<\/td><td class=\"column-3\">37,00 \u20ac<\/td>\n<\/tr>\n<tr class=\"row-13 odd\">\n\t<td class=\"column-1\">  7x65R<\/td><td class=\"column-2\">.278 Rundkugel<\/td><td class=\"column-3\">38.20 \u20ac<\/td>\n<\/tr>\n<tr class=\"row-14 even\">\n\t<td class=\"column-1\">  .308 Win<\/td><td class=\"column-2\">.301 Rundkugel      (.305)<\/td><td class=\"column-3\">36.50 \u20ac<\/td>\n<\/tr>\n<tr class=\"row-15 odd\">\n\t<td class=\"column-1\">  .30-06<\/td><td class=\"column-2\">.301 Rundkugel      (.305)<\/td><td class=\"column-3\">37.20 \u20ac<\/td>\n<\/tr>\n<tr class=\"row-16 even\">\n\t<td class=\"column-1\">  .300 Win Mag.<\/td><td class=\"column-2\">.301 Rundkugel      (.305)<\/td><td class=\"column-3\">38.20 \u20ac<\/td>\n<\/tr>\n<tr class=\"row-17 odd\">\n\t<td class=\"column-1\"> 7,62x54R<\/td><td class=\"column-2\">.301 Rundkugel      (.305)<\/td><td class=\"column-3\">38.20 \u20ac<\/td>\n<\/tr>\n<tr class=\"row-18 even\">\n\t<td class=\"column-1\">.303 Brith.<\/td><td class=\"column-2\">.305 Rundkugel<\/td><td class=\"column-3\">38.20 \u20ac<\/td>\n<\/tr>\n<tr class=\"row-19 odd\">\n\t<td class=\"column-1\">.8x57 IS<\/td><td class=\"column-2\">.315 Rundkugel<\/td><td class=\"column-3\">35.50 \u20ac<\/td>\n<\/tr>\n<tr class=\"row-20 even\">\n\t<td class=\"column-1\">.8x57IRS<\/td><td class=\"column-2\">.315 Rundkugel<\/td><td class=\"column-3\">38.20 \u20ac<\/td>\n<\/tr>\n<\/tbody>\n<\/table>\n<!-- #tablepress-5 from cache -->\n\t<\/div>\n<\/div>\n\n\n\n\n\t\t\t<\/div> \n\t\t<\/div>\n\t<\/div> \n<\/div><\/div>\n\t\t<div id=\"fws_69e489e44aa89\"  data-column-margin=\"default\" data-midnight=\"dark\" data-bottom-percent=\"5%\"  class=\"wpb_row vc_row-fluid vc_row vc_row-o-equal-height vc_row-flex\"  style=\"padding-top: 0px; padding-bottom: calc(100vw * 0.05); \"><div class=\"row-bg-wrap\" data-bg-animation=\"none\" data-bg-animation-delay=\"\" data-bg-overlay=\"false\"><div class=\"inner-wrap row-bg-layer\" ><div class=\"row-bg viewport-desktop\"  style=\"\"><\/div><\/div><\/div><div class=\"row_col_wrap_12 col span_12 dark left\">\n\t<div  class=\"vc_col-sm-12 wpb_column column_container vc_column_container col no-extra-padding inherit_tablet inherit_phone\"  data-padding-pos=\"all\" data-has-bg-color=\"false\" data-bg-color=\"\" data-bg-opacity=\"1\" data-animation=\"\" data-delay=\"0\" >\n\t\t<div class=\"vc_column-inner\" >\n\t\t\t<div class=\"wpb_wrapper\">\n\t\t\t\t\n<div class=\"wpb_text_column wpb_content_element\" >\n\t<div class=\"wpb_wrapper\">\n\t\t<h4 id=\"u3547-2\"><strong>ZUBEH\u00d6R<\/strong><\/h4>\n<p>1 Pckg. (100St.) CCI209<span lang=\"EN-US\"> &#8211; Schrotz\u00fcnder\u00a0 <strong>7,50 \u20ac\u00a0 &#8211; zur Zeit leider nicht lieferbar<\/strong><br \/>\n1 Dose (200St.)\u00a0 H&amp;N-Diabolokugeln Field&amp;Target 6,35mm \u00a0<strong>12,50 \u20ac<br \/>\n<\/strong>1 Dose (500St.) <\/span><span lang=\"EN-GB\">H&amp;N- Diabolokugeln\u00a0 Field&amp;Target 5,5mm \u00a0<strong>17,00 \u20ac<br \/>\n<\/strong><\/span><span lang=\"EN-GB\">1 Dose \u00a0(200St.) Norica &#8211; Rundkugeln\u00a0 5,5mm \u00a0<strong>13,50 \u20ac<\/strong><br \/>\n1 Beutel (200St.) <\/span>H&amp;N &#8211; Rundkugeln .278<span lang=\"EN-GB\"> \u00a0<\/span><strong>12,90 \u20ac<\/strong><br \/>\n1 Beutel (200St)\u00a0 H&amp;N &#8211; Rundkugeln .305<span lang=\"EN-GB\"> \u00a0<\/span><strong>21,90 \u20ac<\/strong><br \/>\n1 Beutel (200St.) H&amp;N &#8211; Rundkugeln .315<span lang=\"EN-GB\"> \u00a0<\/span><strong>21,90 \u20ac<\/strong><\/p>\n\t<\/div>\n<\/div>\n\n\n\n\n\t\t\t<\/div> \n\t\t<\/div>\n\t<\/div> \n<\/div><\/div>","protected":false},"excerpt":{"rendered":"DIABOLOH\u00dcLSENund Ihr Gewehr wird zum Tesching! Damit werden Diabolo- bzw. Rundkugeln in speziellen H\u00fclsen,\u00a0angetrieben durch einen Schrotz\u00fcnder verschossen.\u00a0Die Leistung betr\u00e4gt etwa das 4fache gegen\u00fcber normalen\u00a0Luftgewehren. (Eindringtiefe in Fichtenholz ca. 15mm).\u00a0Die...","protected":false},"author":1,"featured_media":0,"parent":0,"menu_order":0,"comment_status":"closed","ping_status":"closed","template":"","meta":[],"yoast_head":"<!-- This site is optimized with the Yoast SEO plugin v19.8 - https:\/\/yoast.com\/wordpress\/plugins\/seo\/ -->\n<title>Diaboloh\u00fclsen - Munitionstechnik &amp; Wiederladebedarf Samereier.de<\/title>\n<meta name=\"robots\" content=\"index, follow, max-snippet:-1, max-image-preview:large, max-video-preview:-1\" \/>\n<link rel=\"canonical\" href=\"https:\/\/samereier.de\/en\/diabolohuelsen\/\" \/>\n<meta property=\"og:locale\" content=\"en_US\" \/>\n<meta property=\"og:type\" content=\"article\" \/>\n<meta property=\"og:title\" content=\"Diaboloh\u00fclsen - Munitionstechnik &amp; Wiederladebedarf Samereier.de\" \/>\n<meta property=\"og:url\" content=\"https:\/\/samereier.de\/en\/diabolohuelsen\/\" \/>\n<meta property=\"og:site_name\" content=\"Munitionstechnik &amp; Wiederladebedarf Samereier.de\" \/>\n<meta property=\"article:modified_time\" content=\"2024-08-17T13:53:43+00:00\" \/>\n<meta name=\"twitter:card\" content=\"summary_large_image\" \/>\n<meta name=\"twitter:label1\" content=\"Est. reading time\" \/>\n\t<meta name=\"twitter:data1\" content=\"3 minutes\" \/>\n<script type=\"application\/ld+json\" class=\"yoast-schema-graph\">{\"@context\":\"https:\/\/schema.org\",\"@graph\":[{\"@type\":\"WebPage\",\"@id\":\"https:\/\/samereier.de\/diabolohuelsen\/\",\"url\":\"https:\/\/samereier.de\/diabolohuelsen\/\",\"name\":\"Diaboloh\u00fclsen - Munitionstechnik &amp; Wiederladebedarf Samereier.de\",\"isPartOf\":{\"@id\":\"https:\/\/samereier.de\/#website\"},\"datePublished\":\"2020-02-28T18:30:55+00:00\",\"dateModified\":\"2024-08-17T13:53:43+00:00\",\"breadcrumb\":{\"@id\":\"https:\/\/samereier.de\/diabolohuelsen\/#breadcrumb\"},\"inLanguage\":\"en-US\",\"potentialAction\":[{\"@type\":\"ReadAction\",\"target\":[\"https:\/\/samereier.de\/diabolohuelsen\/\"]}]},{\"@type\":\"BreadcrumbList\",\"@id\":\"https:\/\/samereier.de\/diabolohuelsen\/#breadcrumb\",\"itemListElement\":[{\"@type\":\"ListItem\",\"position\":1,\"name\":\"Startseite\",\"item\":\"https:\/\/samereier.de\/\"},{\"@type\":\"ListItem\",\"position\":2,\"name\":\"Diaboloh\u00fclsen\"}]},{\"@type\":\"WebSite\",\"@id\":\"https:\/\/samereier.de\/#website\",\"url\":\"https:\/\/samereier.de\/\",\"name\":\"Munitionstechnik &amp; Wiederladebedarf Samereier.de\",\"description\":\"Ihre Pr\u00e4zisionswerkstatt in Bayern!\",\"potentialAction\":[{\"@type\":\"SearchAction\",\"target\":{\"@type\":\"EntryPoint\",\"urlTemplate\":\"https:\/\/samereier.de\/?s={search_term_string}\"},\"query-input\":\"required name=search_term_string\"}],\"inLanguage\":\"en-US\"}]}<\/script>\n<!-- \/ Yoast SEO plugin. -->","yoast_head_json":{"title":"Diaboloh\u00fclsen - Munitionstechnik &amp; Wiederladebedarf Samereier.de","robots":{"index":"index","follow":"follow","max-snippet":"max-snippet:-1","max-image-preview":"max-image-preview:large","max-video-preview":"max-video-preview:-1"},"canonical":"https:\/\/samereier.de\/en\/diabolohuelsen\/","og_locale":"en_US","og_type":"article","og_title":"Diaboloh\u00fclsen - Munitionstechnik &amp; Wiederladebedarf Samereier.de","og_url":"https:\/\/samereier.de\/en\/diabolohuelsen\/","og_site_name":"Munitionstechnik &amp; Wiederladebedarf Samereier.de","article_modified_time":"2024-08-17T13:53:43+00:00","twitter_card":"summary_large_image","twitter_misc":{"Est. reading time":"3 minutes"},"schema":{"@context":"https:\/\/schema.org","@graph":[{"@type":"WebPage","@id":"https:\/\/samereier.de\/diabolohuelsen\/","url":"https:\/\/samereier.de\/diabolohuelsen\/","name":"Diaboloh\u00fclsen - Munitionstechnik &amp; Wiederladebedarf Samereier.de","isPartOf":{"@id":"https:\/\/samereier.de\/#website"},"datePublished":"2020-02-28T18:30:55+00:00","dateModified":"2024-08-17T13:53:43+00:00","breadcrumb":{"@id":"https:\/\/samereier.de\/diabolohuelsen\/#breadcrumb"},"inLanguage":"en-US","potentialAction":[{"@type":"ReadAction","target":["https:\/\/samereier.de\/diabolohuelsen\/"]}]},{"@type":"BreadcrumbList","@id":"https:\/\/samereier.de\/diabolohuelsen\/#breadcrumb","itemListElement":[{"@type":"ListItem","position":1,"name":"Startseite","item":"https:\/\/samereier.de\/"},{"@type":"ListItem","position":2,"name":"Diaboloh\u00fclsen"}]},{"@type":"WebSite","@id":"https:\/\/samereier.de\/#website","url":"https:\/\/samereier.de\/","name":"Munitionstechnik &amp; Wiederladebedarf Samereier.de","description":"Ihre Pr\u00e4zisionswerkstatt in Bayern!","potentialAction":[{"@type":"SearchAction","target":{"@type":"EntryPoint","urlTemplate":"https:\/\/samereier.de\/?s={search_term_string}"},"query-input":"required name=search_term_string"}],"inLanguage":"en-US"}]}},"_links":{"self":[{"href":"https:\/\/samereier.de\/en\/wp-json\/wp\/v2\/pages\/185"}],"collection":[{"href":"https:\/\/samereier.de\/en\/wp-json\/wp\/v2\/pages"}],"about":[{"href":"https:\/\/samereier.de\/en\/wp-json\/wp\/v2\/types\/page"}],"author":[{"embeddable":true,"href":"https:\/\/samereier.de\/en\/wp-json\/wp\/v2\/users\/1"}],"replies":[{"embeddable":true,"href":"https:\/\/samereier.de\/en\/wp-json\/wp\/v2\/comments?post=185"}],"version-history":[{"count":11,"href":"https:\/\/samereier.de\/en\/wp-json\/wp\/v2\/pages\/185\/revisions"}],"predecessor-version":[{"id":313,"href":"https:\/\/samereier.de\/en\/wp-json\/wp\/v2\/pages\/185\/revisions\/313"}],"wp:attachment":[{"href":"https:\/\/samereier.de\/en\/wp-json\/wp\/v2\/media?parent=185"}],"curies":[{"name":"wp","href":"https:\/\/api.w.org\/{rel}","templated":true}]}}